{"id":9179,"date":"2025-09-29T09:41:42","date_gmt":"2025-09-29T08:41:42","guid":{"rendered":"https:\/\/www.nexum.si\/hr\/?page_id=9179"},"modified":"2025-11-01T11:42:02","modified_gmt":"2025-11-01T10:42:02","slug":"kontakt","status":"publish","type":"page","link":"https:\/\/www.nexum.si\/hr\/kontakt\/","title":{"rendered":"Kontakt"},"content":{"rendered":"\t\t<div data-elementor-type=\"wp-page\" data-elementor-id=\"9179\" class=\"elementor elementor-9179\">\n\t\t\t\t\t\t<section class=\"elementor-section elementor-top-section elementor-element elementor-element-6cd2cdcd elementor-section-stretched elementor-section-boxed elementor-section-height-default elementor-section-height-default\" data-id=\"6cd2cdcd\" data-element_type=\"section\" data-e-type=\"section\" data-settings=\"{&quot;stretch_section&quot;:&quot;section-stretched&quot;,&quot;background_background&quot;:&quot;classic&quot;}\">\r\n\t\t\t\t\t\t\t<div class=\"elementor-background-overlay\"><\/div>\r\n\t\t\t\t\t\t\t<div class=\"elementor-container elementor-column-gap-default \" >\r\n\t\t\t        <div class=\"elementor-column elementor-col-100 elementor-top-column elementor-element elementor-element-1bbe20df\" data-id=\"1bbe20df\" data-element_type=\"column\" data-e-type=\"column\">\r\n            <div class=\"elementor-widget-wrap elementor-element-populated\">\r\n                \t\t<div class=\"elementor-element elementor-element-2b89311e elementor-widget elementor-widget-cms_heading\" data-id=\"2b89311e\" data-element_type=\"widget\" data-e-type=\"widget\" data-widget_type=\"cms_heading.default\">\n\t\t\t\t<div class=\"elementor-widget-container\">\n\t\t\t\t\t<div class=\"cms-heading-wrapper cms-heading-layout1\">\n    \n            <h2 class=\"custom-heading\">\n            <span >Kontakt<\/span>\n        <\/h2>\n        \n    <\/div>\t\t\t\t<\/div>\n\t\t\t\t<\/div>\n\t\t            <\/div>\r\n        <\/div>\r\n        \t\t\t<\/div>\r\n\t\t<\/section>\r\n\t\t<div class=\"elementor-element elementor-element-cc0a9b4 e-flex e-con-boxed e-con e-parent\" data-id=\"cc0a9b4\" data-element_type=\"container\" data-e-type=\"container\">\r\n\t\t\t\t\t<div class=\"e-con-inner\">\r\n\t\t\t\t<div class=\"elementor-element elementor-element-7754585 elementor-widget elementor-widget-spacer\" data-id=\"7754585\" data-element_type=\"widget\" data-e-type=\"widget\" data-widget_type=\"spacer.default\">\n\t\t\t\t<div class=\"elementor-widget-container\">\n\t\t\t\t\t\t\t<div class=\"elementor-spacer\">\n\t\t\t<div class=\"elementor-spacer-inner\"><\/div>\n\t\t<\/div>\n\t\t\t\t\t\t<\/div>\n\t\t\t\t<\/div>\n\t\t\t\t\t<\/div>\r\n\t\t\t\t<\/div>\r\n\t\t<div class=\"elementor-element elementor-element-b43c145 e-flex e-con-boxed e-con e-parent\" data-id=\"b43c145\" data-element_type=\"container\" data-e-type=\"container\">\r\n\t\t\t\t\t<div class=\"e-con-inner\">\r\n\t\t\t\t<div class=\"elementor-element elementor-element-dc64439 elementor-widget elementor-widget-heading\" data-id=\"dc64439\" data-element_type=\"widget\" data-e-type=\"widget\" data-widget_type=\"heading.default\">\n\t\t\t\t<div class=\"elementor-widget-container\">\n\t\t\t\t\t<h4 class=\"elementor-heading-title elementor-size-default\">Kontaktirajte nas i rado \u0107emo vas savjetovati.<\/h4>\t\t\t\t<\/div>\n\t\t\t\t<\/div>\n\t\t\t\t\t<\/div>\r\n\t\t\t\t<\/div>\r\n\t\t<div class=\"elementor-element elementor-element-7ee6031 e-flex e-con-boxed e-con e-parent\" data-id=\"7ee6031\" data-element_type=\"container\" data-e-type=\"container\">\r\n\t\t\t\t\t<div class=\"e-con-inner\">\r\n\t\t<div class=\"elementor-element elementor-element-5dbf1ff e-con-full e-flex e-con e-child\" data-id=\"5dbf1ff\" data-element_type=\"container\" data-e-type=\"container\">\r\n\t\t\t\t<div class=\"elementor-element elementor-element-7a8e7c5 elementor-widget elementor-widget-text-editor\" data-id=\"7a8e7c5\" data-element_type=\"widget\" data-e-type=\"widget\" data-widget_type=\"text-editor.default\">\n\t\t\t\t<div class=\"elementor-widget-container\">\n\t\t\t\t\t\t\t\t\t<p><strong>Nexum d.o.o.<\/strong><br \/>Obrtni\u0161ka ulica 11<br \/>1370 Logatec<br \/>Slovenija<\/p><p>Telefon: <a href=\"tel:+38617591746\">+386 1 759 17 46<\/a><br \/>E-mail: <a href=\"mailto:info@nexum.si\">info@nexum.si<\/a><\/p><p>\u00a0<\/p>\t\t\t\t\t\t\t\t<\/div>\n\t\t\t\t<\/div>\n\t\t\t\t<\/div>\r\n\t\t<div class=\"elementor-element elementor-element-6b07589 e-con-full e-flex e-con e-child\" data-id=\"6b07589\" data-element_type=\"container\" data-e-type=\"container\">\r\n\t\t\t\t<div class=\"elementor-element elementor-element-c49475a elementor-widget elementor-widget-google_maps\" data-id=\"c49475a\" data-element_type=\"widget\" data-e-type=\"widget\" data-widget_type=\"google_maps.default\">\n\t\t\t\t<div class=\"elementor-widget-container\">\n\t\t\t\t\t\t\t<div class=\"elementor-custom-embed\">\n\t\t\t<iframe loading=\"lazy\"\n\t\t\t\t\tsrc=\"https:\/\/maps.google.com\/maps?q=Obrtni%C5%A1ka%20ulica%2011%2C%201370%20Logatec%2C%20Slovenija&#038;t=m&#038;z=10&#038;output=embed&#038;iwloc=near\"\n\t\t\t\t\ttitle=\"Obrtni\u0161ka ulica 11, 1370 Logatec, Slovenija\"\n\t\t\t\t\taria-label=\"Obrtni\u0161ka ulica 11, 1370 Logatec, Slovenija\"\n\t\t\t><\/iframe>\n\t\t<\/div>\n\t\t\t\t\t\t<\/div>\n\t\t\t\t<\/div>\n\t\t\t\t<\/div>\r\n\t\t\t\t\t<\/div>\r\n\t\t\t\t<\/div>\r\n\t\t<div class=\"elementor-element elementor-element-4f57d55 e-flex e-con-boxed e-con e-parent\" data-id=\"4f57d55\" data-element_type=\"container\" data-e-type=\"container\">\r\n\t\t\t\t\t<div class=\"e-con-inner\">\r\n\t\t\t\t<div class=\"elementor-element elementor-element-21b1022 elementor-widget elementor-widget-heading\" data-id=\"21b1022\" data-element_type=\"widget\" data-e-type=\"widget\" data-widget_type=\"heading.default\">\n\t\t\t\t<div class=\"elementor-widget-container\">\n\t\t\t\t\t<h4 class=\"elementor-heading-title elementor-size-default\">Kontakti po podru\u010dju<\/h4>\t\t\t\t<\/div>\n\t\t\t\t<\/div>\n\t\t\t\t\t<\/div>\r\n\t\t\t\t<\/div>\r\n\t\t<div class=\"elementor-element elementor-element-3f0dc0a e-flex e-con-boxed e-con e-parent\" data-id=\"3f0dc0a\" data-element_type=\"container\" data-e-type=\"container\">\r\n\t\t\t\t\t<div class=\"e-con-inner\">\r\n\t\t<div class=\"elementor-element elementor-element-44b4726 e-con-full e-flex e-con e-child\" data-id=\"44b4726\" data-element_type=\"container\" data-e-type=\"container\" data-settings=\"{&quot;background_background&quot;:&quot;classic&quot;}\">\r\n\t\t\t\t<div class=\"elementor-element elementor-element-ba50c25 elementor-widget elementor-widget-heading\" data-id=\"ba50c25\" data-element_type=\"widget\" data-e-type=\"widget\" data-widget_type=\"heading.default\">\n\t\t\t\t<div class=\"elementor-widget-container\">\n\t\t\t\t\t<h5 class=\"elementor-heading-title elementor-size-default\">Op\u0107e informacije<\/h5>\t\t\t\t<\/div>\n\t\t\t\t<\/div>\n\t\t\t\t<div class=\"elementor-element elementor-element-baa53c6 elementor-widget elementor-widget-text-editor\" data-id=\"baa53c6\" data-element_type=\"widget\" data-e-type=\"widget\" data-widget_type=\"text-editor.default\">\n\t\t\t\t<div class=\"elementor-widget-container\">\n\t\t\t\t\t\t\t\t\t<p style=\"text-align: center;\">E-mail: <a href=\"mailto:info@nexum.si\">info@nexum.si<\/a><br \/>Tel. \u0161t.: <a href=\"tel:+38617591746\">+386 1 759 17 46<\/a><\/p>\t\t\t\t\t\t\t\t<\/div>\n\t\t\t\t<\/div>\n\t\t\t\t<\/div>\r\n\t\t<div class=\"elementor-element elementor-element-a518bfb e-con-full e-flex e-con e-child\" data-id=\"a518bfb\" data-element_type=\"container\" data-e-type=\"container\" data-settings=\"{&quot;background_background&quot;:&quot;classic&quot;}\">\r\n\t\t\t\t<div class=\"elementor-element elementor-element-e375a26 elementor-widget elementor-widget-heading\" data-id=\"e375a26\" data-element_type=\"widget\" data-e-type=\"widget\" data-widget_type=\"heading.default\">\n\t\t\t\t<div class=\"elementor-widget-container\">\n\t\t\t\t\t<h5 class=\"elementor-heading-title elementor-size-default\">Podr\u0161ka korisnicima<\/h5>\t\t\t\t<\/div>\n\t\t\t\t<\/div>\n\t\t\t\t<div class=\"elementor-element elementor-element-0b97925 elementor-widget elementor-widget-text-editor\" data-id=\"0b97925\" data-element_type=\"widget\" data-e-type=\"widget\" data-widget_type=\"text-editor.default\">\n\t\t\t\t<div class=\"elementor-widget-container\">\n\t\t\t\t\t\t\t\t\t<p>Povpra\u0161evanje: <a href=\"mailto:povprasevanja@nexum.si\">povprasevanja@nexum.si<\/a><br \/>Naro\u010dilo: <a href=\"mailto:narocila@nexum.si\">narocila@nexum.si<\/a><\/p>\t\t\t\t\t\t\t\t<\/div>\n\t\t\t\t<\/div>\n\t\t\t\t<\/div>\r\n\t\t<div class=\"elementor-element elementor-element-f7f8bc2 e-con-full e-flex e-con e-child\" data-id=\"f7f8bc2\" data-element_type=\"container\" data-e-type=\"container\" data-settings=\"{&quot;background_background&quot;:&quot;classic&quot;}\">\r\n\t\t\t\t<div class=\"elementor-element elementor-element-1b5888a elementor-widget elementor-widget-heading\" data-id=\"1b5888a\" data-element_type=\"widget\" data-e-type=\"widget\" data-widget_type=\"heading.default\">\n\t\t\t\t<div class=\"elementor-widget-container\">\n\t\t\t\t\t<h5 class=\"elementor-heading-title elementor-size-default\">Logistika<\/h5>\t\t\t\t<\/div>\n\t\t\t\t<\/div>\n\t\t\t\t<div class=\"elementor-element elementor-element-d031720 elementor-widget elementor-widget-text-editor\" data-id=\"d031720\" data-element_type=\"widget\" data-e-type=\"widget\" data-widget_type=\"text-editor.default\">\n\t\t\t\t<div class=\"elementor-widget-container\">\n\t\t\t\t\t\t\t\t\t<p>E-mail: <a href=\"mailto:bojan@nexum.si\">bojan@nexum.si<\/a><br \/>Tel. \u0161t.: <a href=\"tel:+38612927921\">+386 1 292 79 21<\/a><br \/>Mob. \u0161t.: <a href=\"tel:+38641681849\">+386 41 681 849<\/a><\/p>\t\t\t\t\t\t\t\t<\/div>\n\t\t\t\t<\/div>\n\t\t\t\t<\/div>\r\n\t\t\t\t\t<\/div>\r\n\t\t\t\t<\/div>\r\n\t\t<div class=\"elementor-element elementor-element-299f7fd e-flex e-con-boxed e-con e-parent\" data-id=\"299f7fd\" data-element_type=\"container\" data-e-type=\"container\">\r\n\t\t\t\t\t<div class=\"e-con-inner\">\r\n\t\t<div class=\"elementor-element elementor-element-14d10b3 e-con-full e-flex e-con e-child\" data-id=\"14d10b3\" data-element_type=\"container\" data-e-type=\"container\" data-settings=\"{&quot;background_background&quot;:&quot;classic&quot;}\">\r\n\t\t\t\t<div class=\"elementor-element elementor-element-5a30e6c elementor-widget elementor-widget-heading\" data-id=\"5a30e6c\" data-element_type=\"widget\" data-e-type=\"widget\" data-widget_type=\"heading.default\">\n\t\t\t\t<div class=\"elementor-widget-container\">\n\t\t\t\t\t<h5 class=\"elementor-heading-title elementor-size-default\">Materijal za ugradnju<\/h5>\t\t\t\t<\/div>\n\t\t\t\t<\/div>\n\t\t\t\t<div class=\"elementor-element elementor-element-c8a5a70 elementor-widget elementor-widget-text-editor\" data-id=\"c8a5a70\" data-element_type=\"widget\" data-e-type=\"widget\" data-widget_type=\"text-editor.default\">\n\t\t\t\t<div class=\"elementor-widget-container\">\n\t\t\t\t\t\t\t\t\t<p style=\"text-align: center;\">E-mail: <a href=\"mailto:zane@nexum.si\">zane@nexum.si<\/a><br \/>Tel. \u0161t.: <a href=\"tel:+38641977440\">+386 41 977 440<\/a><\/p>\t\t\t\t\t\t\t\t<\/div>\n\t\t\t\t<\/div>\n\t\t\t\t<\/div>\r\n\t\t<div class=\"elementor-element elementor-element-6dc6b3f e-con-full e-flex e-con e-child\" data-id=\"6dc6b3f\" data-element_type=\"container\" data-e-type=\"container\" data-settings=\"{&quot;background_background&quot;:&quot;classic&quot;}\">\r\n\t\t\t\t<div class=\"elementor-element elementor-element-c0f450c elementor-widget elementor-widget-heading\" data-id=\"c0f450c\" data-element_type=\"widget\" data-e-type=\"widget\" data-widget_type=\"heading.default\">\n\t\t\t\t<div class=\"elementor-widget-container\">\n\t\t\t\t\t<h5 class=\"elementor-heading-title elementor-size-default\">Za\u0161tita na radu, LOTO<\/h5>\t\t\t\t<\/div>\n\t\t\t\t<\/div>\n\t\t\t\t<div class=\"elementor-element elementor-element-19f1756 elementor-widget elementor-widget-text-editor\" data-id=\"19f1756\" data-element_type=\"widget\" data-e-type=\"widget\" data-widget_type=\"text-editor.default\">\n\t\t\t\t<div class=\"elementor-widget-container\">\n\t\t\t\t\t\t\t\t\t<p style=\"text-align: center;\">E-mail: <a href=\"mailto:jurij@nexum.si\">jurij@nexum.si<\/a><br \/>Tel. \u0161t.: <a href=\"tel:+38640755559\">+386 40 755 559<\/a><\/p>\t\t\t\t\t\t\t\t<\/div>\n\t\t\t\t<\/div>\n\t\t\t\t<\/div>\r\n\t\t<div class=\"elementor-element elementor-element-e1d4f87 e-con-full e-flex e-con e-child\" data-id=\"e1d4f87\" data-element_type=\"container\" data-e-type=\"container\" data-settings=\"{&quot;background_background&quot;:&quot;classic&quot;}\">\r\n\t\t\t\t<div class=\"elementor-element elementor-element-621e533 elementor-widget elementor-widget-heading\" data-id=\"621e533\" data-element_type=\"widget\" data-e-type=\"widget\" data-widget_type=\"heading.default\">\n\t\t\t\t<div class=\"elementor-widget-container\">\n\t\t\t\t\t<h5 class=\"elementor-heading-title elementor-size-default\">Industrijsko ozna\u010davanje<\/h5>\t\t\t\t<\/div>\n\t\t\t\t<\/div>\n\t\t\t\t<div class=\"elementor-element elementor-element-40c51d8 elementor-widget elementor-widget-text-editor\" data-id=\"40c51d8\" data-element_type=\"widget\" data-e-type=\"widget\" data-widget_type=\"text-editor.default\">\n\t\t\t\t<div class=\"elementor-widget-container\">\n\t\t\t\t\t\t\t\t\t<p style=\"text-align: center;\">E-mail: <a href=\"mailto:andrej@nexum.si\">andrej@nexum.si<\/a><br \/>Tel. \u0161t.: <a href=\"tel:+38641924669\">+386 41 924 669<\/a><\/p>\t\t\t\t\t\t\t\t<\/div>\n\t\t\t\t<\/div>\n\t\t\t\t<\/div>\r\n\t\t\t\t\t<\/div>\r\n\t\t\t\t<\/div>\r\n\t\t<div class=\"elementor-element elementor-element-8956477 e-flex e-con-boxed e-con e-parent\" data-id=\"8956477\" data-element_type=\"container\" data-e-type=\"container\">\r\n\t\t\t\t\t<div class=\"e-con-inner\">\r\n\t\t<div class=\"elementor-element elementor-element-f205aa7 e-con-full e-flex e-con e-child\" data-id=\"f205aa7\" data-element_type=\"container\" data-e-type=\"container\" data-settings=\"{&quot;background_background&quot;:&quot;classic&quot;}\">\r\n\t\t\t\t<div class=\"elementor-element elementor-element-1bcdf4c elementor-widget elementor-widget-heading\" data-id=\"1bcdf4c\" data-element_type=\"widget\" data-e-type=\"widget\" data-widget_type=\"heading.default\">\n\t\t\t\t<div class=\"elementor-widget-container\">\n\t\t\t\t\t<h5 class=\"elementor-heading-title elementor-size-default\">Instalacije (kutije, za\u0161titne cijevi)<\/h5>\t\t\t\t<\/div>\n\t\t\t\t<\/div>\n\t\t\t\t<div class=\"elementor-element elementor-element-dad8ba6 elementor-widget elementor-widget-text-editor\" data-id=\"dad8ba6\" data-element_type=\"widget\" data-e-type=\"widget\" data-widget_type=\"text-editor.default\">\n\t\t\t\t<div class=\"elementor-widget-container\">\n\t\t\t\t\t\t\t\t\t<p style=\"text-align: center;\">E-mail: <a href=\"mailto:zane@nexum.si\">zane@nexum.si<\/a><br \/>Tel. \u0161t.: <a href=\"tel:+38641977440\">+386 41 977 440<\/a><\/p>\t\t\t\t\t\t\t\t<\/div>\n\t\t\t\t<\/div>\n\t\t\t\t<\/div>\r\n\t\t<div class=\"elementor-element elementor-element-3ab3cbf e-con-full e-flex e-con e-child\" data-id=\"3ab3cbf\" data-element_type=\"container\" data-e-type=\"container\" data-settings=\"{&quot;background_background&quot;:&quot;classic&quot;}\">\r\n\t\t\t\t<div class=\"elementor-element elementor-element-2bc5279 elementor-widget elementor-widget-heading\" data-id=\"2bc5279\" data-element_type=\"widget\" data-e-type=\"widget\" data-widget_type=\"heading.default\">\n\t\t\t\t<div class=\"elementor-widget-container\">\n\t\t\t\t\t<h5 class=\"elementor-heading-title elementor-size-default\">Marketing<\/h5>\t\t\t\t<\/div>\n\t\t\t\t<\/div>\n\t\t\t\t<div class=\"elementor-element elementor-element-da28379 elementor-widget elementor-widget-text-editor\" data-id=\"da28379\" data-element_type=\"widget\" data-e-type=\"widget\" data-widget_type=\"text-editor.default\">\n\t\t\t\t<div class=\"elementor-widget-container\">\n\t\t\t\t\t\t\t\t\t<p style=\"text-align: center;\">E-mail: <a href=\"mailto:marketing@nexum.si\">marketing@nexum.si<\/a><br \/>Tel. \u0161t.: <a href=\"tel:+38641977490\">+386 41 977 490<\/a><\/p>\t\t\t\t\t\t\t\t<\/div>\n\t\t\t\t<\/div>\n\t\t\t\t<\/div>\r\n\t\t\t\t\t<\/div>\r\n\t\t\t\t<\/div>\r\n\t\t<div class=\"elementor-element elementor-element-b99ce34 e-flex e-con-boxed e-con e-parent\" data-id=\"b99ce34\" data-element_type=\"container\" data-e-type=\"container\">\r\n\t\t\t\t\t<div class=\"e-con-inner\">\r\n\t\t\t\t<div class=\"elementor-element elementor-element-7ce1189 elementor-widget elementor-widget-spacer\" data-id=\"7ce1189\" data-element_type=\"widget\" data-e-type=\"widget\" data-widget_type=\"spacer.default\">\n\t\t\t\t<div class=\"elementor-widget-container\">\n\t\t\t\t\t\t\t<div class=\"elementor-spacer\">\n\t\t\t<div class=\"elementor-spacer-inner\"><\/div>\n\t\t<\/div>\n\t\t\t\t\t\t<\/div>\n\t\t\t\t<\/div>\n\t\t\t\t\t<\/div>\r\n\t\t\t\t<\/div>\r\n\t\t\t\t<\/div>\n\t\t","protected":false},"excerpt":{"rendered":"<p>Kontakt Kontaktirajte nas i rado \u0107emo vas savjetovati. Nexum d.o.o.Obrtni\u0161ka ulica 111370 LogatecSlovenija Telefon: +386 1 759 17 46E-mail: info@nexum.si \u00a0 Kontakti po podru\u010dju Op\u0107e informacije E-mail: info@nexum.siTel. \u0161t.: +386 1 759 17 46 Podr\u0161ka korisnicima Povpra\u0161evanje: povprasevanja@nexum.siNaro\u010dilo: narocila@nexum.si Logistika E-mail: bojan@nexum.siTel. \u0161t.: +386 1 292 79 21Mob. \u0161t.: +386 41 681 849 Materijal za [&hellip;]<\/p>\n","protected":false},"author":1,"featured_media":0,"parent":0,"menu_order":0,"comment_status":"closed","ping_status":"closed","template":"","meta":{"footnotes":""},"class_list":["post-9179","page","type-page","status-publish","hentry"],"yoast_head":"<!-- This site is optimized with the Yoast SEO plugin v26.9 - https:\/\/yoast.com\/product\/yoast-seo-wordpress\/ -->\n<title>Kontakt - Nexum | Rje\u0161enja za upravljanje kabela, ozna\u010davanje i sigurnost na radu<\/title>\n<meta name=\"robots\" content=\"index, follow, max-snippet:-1, max-image-preview:large, max-video-preview:-1\" \/>\n<link rel=\"canonical\" href=\"https:\/\/www.nexum.si\/hr\/kontakt\/\" \/>\n<meta property=\"og:locale\" content=\"en_US\" \/>\n<meta property=\"og:type\" content=\"article\" \/>\n<meta property=\"og:title\" content=\"Kontakt - Nexum | Rje\u0161enja za upravljanje kabela, ozna\u010davanje i sigurnost na radu\" \/>\n<meta property=\"og:description\" content=\"Kontakt Kontaktirajte nas i rado \u0107emo vas savjetovati. Nexum d.o.o.Obrtni\u0161ka ulica 111370 LogatecSlovenija Telefon: +386 1 759 17 46E-mail: info@nexum.si \u00a0 Kontakti po podru\u010dju Op\u0107e informacije E-mail: info@nexum.siTel. \u0161t.: +386 1 759 17 46 Podr\u0161ka korisnicima Povpra\u0161evanje: povprasevanja@nexum.siNaro\u010dilo: narocila@nexum.si Logistika E-mail: bojan@nexum.siTel. \u0161t.: +386 1 292 79 21Mob. \u0161t.: +386 41 681 849 Materijal za [&hellip;]\" \/>\n<meta property=\"og:url\" content=\"https:\/\/www.nexum.si\/hr\/kontakt\/\" \/>\n<meta property=\"og:site_name\" content=\"Nexum | Rje\u0161enja za upravljanje kabela, ozna\u010davanje i sigurnost na radu\" \/>\n<meta property=\"article:modified_time\" content=\"2025-11-01T10:42:02+00:00\" \/>\n<meta name=\"twitter:card\" content=\"summary_large_image\" \/>\n<meta name=\"twitter:label1\" content=\"Est. reading time\" \/>\n\t<meta name=\"twitter:data1\" content=\"1 minute\" \/>\n<script type=\"application\/ld+json\" class=\"yoast-schema-graph\">{\"@context\":\"https:\/\/schema.org\",\"@graph\":[{\"@type\":\"WebPage\",\"@id\":\"https:\/\/www.nexum.si\/hr\/kontakt\/\",\"url\":\"https:\/\/www.nexum.si\/hr\/kontakt\/\",\"name\":\"Kontakt - Nexum | Rje\u0161enja za upravljanje kabela, ozna\u010davanje i sigurnost na radu\",\"isPartOf\":{\"@id\":\"https:\/\/www.nexum.si\/hr\/#website\"},\"datePublished\":\"2025-09-29T08:41:42+00:00\",\"dateModified\":\"2025-11-01T10:42:02+00:00\",\"breadcrumb\":{\"@id\":\"https:\/\/www.nexum.si\/hr\/kontakt\/#breadcrumb\"},\"inLanguage\":\"en-US\",\"potentialAction\":[{\"@type\":\"ReadAction\",\"target\":[\"https:\/\/www.nexum.si\/hr\/kontakt\/\"]}]},{\"@type\":\"BreadcrumbList\",\"@id\":\"https:\/\/www.nexum.si\/hr\/kontakt\/#breadcrumb\",\"itemListElement\":[{\"@type\":\"ListItem\",\"position\":1,\"name\":\"Home\",\"item\":\"https:\/\/www.nexum.si\/hr\/\"},{\"@type\":\"ListItem\",\"position\":2,\"name\":\"Kontakt\"}]},{\"@type\":\"WebSite\",\"@id\":\"https:\/\/www.nexum.si\/hr\/#website\",\"url\":\"https:\/\/www.nexum.si\/hr\/\",\"name\":\"Nexum | Rje\u0161enja za upravljanje kabela, ozna\u010davanje i sigurnost na radu\",\"description\":\"\",\"potentialAction\":[{\"@type\":\"SearchAction\",\"target\":{\"@type\":\"EntryPoint\",\"urlTemplate\":\"https:\/\/www.nexum.si\/hr\/?s={search_term_string}\"},\"query-input\":{\"@type\":\"PropertyValueSpecification\",\"valueRequired\":true,\"valueName\":\"search_term_string\"}}],\"inLanguage\":\"en-US\"}]}<\/script>\n<!-- \/ Yoast SEO plugin. -->","yoast_head_json":{"title":"Kontakt - Nexum | Rje\u0161enja za upravljanje kabela, ozna\u010davanje i sigurnost na radu","robots":{"index":"index","follow":"follow","max-snippet":"max-snippet:-1","max-image-preview":"max-image-preview:large","max-video-preview":"max-video-preview:-1"},"canonical":"https:\/\/www.nexum.si\/hr\/kontakt\/","og_locale":"en_US","og_type":"article","og_title":"Kontakt - Nexum | Rje\u0161enja za upravljanje kabela, ozna\u010davanje i sigurnost na radu","og_description":"Kontakt Kontaktirajte nas i rado \u0107emo vas savjetovati. Nexum d.o.o.Obrtni\u0161ka ulica 111370 LogatecSlovenija Telefon: +386 1 759 17 46E-mail: info@nexum.si \u00a0 Kontakti po podru\u010dju Op\u0107e informacije E-mail: info@nexum.siTel. \u0161t.: +386 1 759 17 46 Podr\u0161ka korisnicima Povpra\u0161evanje: povprasevanja@nexum.siNaro\u010dilo: narocila@nexum.si Logistika E-mail: bojan@nexum.siTel. \u0161t.: +386 1 292 79 21Mob. \u0161t.: +386 41 681 849 Materijal za [&hellip;]","og_url":"https:\/\/www.nexum.si\/hr\/kontakt\/","og_site_name":"Nexum | Rje\u0161enja za upravljanje kabela, ozna\u010davanje i sigurnost na radu","article_modified_time":"2025-11-01T10:42:02+00:00","twitter_card":"summary_large_image","twitter_misc":{"Est. reading time":"1 minute"},"schema":{"@context":"https:\/\/schema.org","@graph":[{"@type":"WebPage","@id":"https:\/\/www.nexum.si\/hr\/kontakt\/","url":"https:\/\/www.nexum.si\/hr\/kontakt\/","name":"Kontakt - Nexum | Rje\u0161enja za upravljanje kabela, ozna\u010davanje i sigurnost na radu","isPartOf":{"@id":"https:\/\/www.nexum.si\/hr\/#website"},"datePublished":"2025-09-29T08:41:42+00:00","dateModified":"2025-11-01T10:42:02+00:00","breadcrumb":{"@id":"https:\/\/www.nexum.si\/hr\/kontakt\/#breadcrumb"},"inLanguage":"en-US","potentialAction":[{"@type":"ReadAction","target":["https:\/\/www.nexum.si\/hr\/kontakt\/"]}]},{"@type":"BreadcrumbList","@id":"https:\/\/www.nexum.si\/hr\/kontakt\/#breadcrumb","itemListElement":[{"@type":"ListItem","position":1,"name":"Home","item":"https:\/\/www.nexum.si\/hr\/"},{"@type":"ListItem","position":2,"name":"Kontakt"}]},{"@type":"WebSite","@id":"https:\/\/www.nexum.si\/hr\/#website","url":"https:\/\/www.nexum.si\/hr\/","name":"Nexum | Rje\u0161enja za upravljanje kabela, ozna\u010davanje i sigurnost na radu","description":"","potentialAction":[{"@type":"SearchAction","target":{"@type":"EntryPoint","urlTemplate":"https:\/\/www.nexum.si\/hr\/?s={search_term_string}"},"query-input":{"@type":"PropertyValueSpecification","valueRequired":true,"valueName":"search_term_string"}}],"inLanguage":"en-US"}]}},"rttpg_featured_image_url":null,"rttpg_author":{"display_name":"mario","author_link":"https:\/\/www.nexum.si\/hr\/author\/mario\/"},"rttpg_comment":0,"rttpg_category":null,"rttpg_excerpt":"Kontakt Kontaktirajte nas i rado \u0107emo vas savjetovati. Nexum d.o.o.Obrtni\u0161ka ulica 111370 LogatecSlovenija Telefon: +386 1 759 17 46E-mail: info@nexum.si \u00a0 Kontakti po podru\u010dju Op\u0107e informacije E-mail: info@nexum.siTel. \u0161t.: +386 1 759 17 46 Podr\u0161ka korisnicima Povpra\u0161evanje: povprasevanja@nexum.siNaro\u010dilo: narocila@nexum.si Logistika E-mail: bojan@nexum.siTel. \u0161t.: +386 1 292 79 21Mob. \u0161t.: +386 41 681 849 Materijal za&hellip;","_links":{"self":[{"href":"https:\/\/www.nexum.si\/hr\/wp-json\/wp\/v2\/pages\/9179","targetHints":{"allow":["GET"]}}],"collection":[{"href":"https:\/\/www.nexum.si\/hr\/wp-json\/wp\/v2\/pages"}],"about":[{"href":"https:\/\/www.nexum.si\/hr\/wp-json\/wp\/v2\/types\/page"}],"author":[{"embeddable":true,"href":"https:\/\/www.nexum.si\/hr\/wp-json\/wp\/v2\/users\/1"}],"replies":[{"embeddable":true,"href":"https:\/\/www.nexum.si\/hr\/wp-json\/wp\/v2\/comments?post=9179"}],"version-history":[{"count":49,"href":"https:\/\/www.nexum.si\/hr\/wp-json\/wp\/v2\/pages\/9179\/revisions"}],"predecessor-version":[{"id":9783,"href":"https:\/\/www.nexum.si\/hr\/wp-json\/wp\/v2\/pages\/9179\/revisions\/9783"}],"wp:attachment":[{"href":"https:\/\/www.nexum.si\/hr\/wp-json\/wp\/v2\/media?parent=9179"}],"curies":[{"name":"wp","href":"https:\/\/api.w.org\/{rel}","templated":true}]}}